{"id":37056,"date":"2015-09-09T11:09:12","date_gmt":"2015-09-09T09:09:12","guid":{"rendered":"https:\/\/undsgn.com\/uncode\/?page_id=37056"},"modified":"2024-06-25T23:58:16","modified_gmt":"2024-06-26T02:58:16","slug":"classic-agency","status":"publish","type":"page","link":"https:\/\/viacartel.com.uy\/","title":{"rendered":"Home"},"content":{"rendered":"<div class=\"wpb-content-wrapper\"><p>[vc_row row_height_percent=\u00bb100&#8243; back_color=\u00bbcolor-nhtu\u00bb overlay_alpha=\u00bb0&#8243; gutter_size=\u00bb3&#8243; column_width_percent=\u00bb100&#8243; shift_y=\u00bb0&#8243; z_index=\u00bb0&#8243; front_end_with_slider=\u00bbtrue\u00bb uncode_shortcode_id=\u00bb682199&#8243; back_color_type=\u00bbuncode-palette\u00bb row_name=\u00bbinicio\u00bb el_id=\u00bbinicio\u00bb][vc_column width=\u00bb1\/1&#8243;][uncode_slider slider_type=\u00bbfade\u00bb slider_interval=\u00bb5000&#8243; slider_navspeed=\u00bb700&#8243; slider_loop=\u00bbyes\u00bb advanced_nav=\u00bbyes\u00bb el_id1=\u00bb#slider-171978&#8243; el_id=\u00bbslider-1719781&#8243;][vc_row_inner row_inner_height_percent=\u00bb0&#8243; back_color=\u00bbcolor-nhtu\u00bb back_image=\u00bb141207&#8243; back_position=\u00bbleft center\u00bb overlay_alpha=\u00bb30&#8243; gutter_size=\u00bb3&#8243; shift_y=\u00bb0&#8243; z_index=\u00bb0&#8243; limit_content=\u00bbyes\u00bb front_end_with_slider=\u00bbtrue\u00bb uncode_shortcode_id=\u00bb118104&#8243; back_color_type=\u00bbuncode-palette\u00bb][vc_column_inner column_width_use_pixel=\u00bbyes\u00bb position_horizontal=\u00bbright\u00bb position_vertical=\u00bbbottom\u00bb align_horizontal=\u00bbalign_center\u00bb gutter_size=\u00bb3&#8243; override_padding=\u00bbyes\u00bb column_padding=\u00bb3&#8243; style=\u00bbdark\u00bb overlay_alpha=\u00bb50&#8243; shift_x=\u00bb0&#8243; shift_y=\u00bb0&#8243; shift_y_down=\u00bb3&#8243; z_index=\u00bb0&#8243; medium_width=\u00bb0&#8243; mobile_width=\u00bb0&#8243; css_animation=\u00bbbottom-t-top\u00bb animation_speed=\u00bb800&#8243; zoom_width=\u00bb0&#8243; zoom_height=\u00bb0&#8243; width=\u00bb1\/1&#8243; column_width_pixel=\u00bb700&#8243; uncode_shortcode_id=\u00bb504958&#8243;][vc_single_image media=\u00bb141107&#8243; media_width_percent=\u00bb100&#8243; uncode_shortcode_id=\u00bb152559&#8243;][vc_custom_heading text_color=\u00bbcolor-202114&#8243; text_size=\u00bbcustom\u00bb sub_lead=\u00bbyes\u00bb sub_reduced=\u00bbyes\u00bb css_animation=\u00bbcurtain\u00bb animation_speed=\u00bb800&#8243; uncode_shortcode_id=\u00bb660938&#8243; heading_custom_size=\u00bb40px\u00bb text_color_type=\u00bbuncode-palette\u00bb]El lugar ideal para su marca[\/vc_custom_heading][vc_empty_space empty_h=\u00bb1&#8243;][vc_button button_color=\u00bbcolor-202114&#8243; size=\u00bbbtn-xl\u00bb radius=\u00bbbtn-round\u00bb border_animation=\u00bbbtn-ripple-out\u00bb hover_fx=\u00bbfull-colored\u00bb text_skin=\u00bbyes\u00bb shadow=\u00bbyes\u00bb shadow_weight=\u00bbstd\u00bb custom_typo=\u00bbyes\u00bb font_family=\u00bbfont-555555&#8243; font_weight=\u00bb600&#8243; text_transform=\u00bbuppercase\u00bb border_width=\u00bb0&#8243; scale_mobile=\u00bbno\u00bb uncode_shortcode_id=\u00bb189311&#8243; button_color_type=\u00bbuncode-palette\u00bb el_class=\u00bbbtn-contacto\u00bb]Cont\u00e1ctenos[\/vc_button][\/vc_column_inner][\/vc_row_inner][\/uncode_slider][\/vc_column][\/vc_row][vc_row unlock_row_content=\u00bbyes\u00bb row_height_percent=\u00bb0&#8243; override_padding=\u00bbyes\u00bb h_padding=\u00bb2&#8243; top_padding=\u00bb0&#8243; bottom_padding=\u00bb0&#8243; overlay_alpha=\u00bb50&#8243; gutter_size=\u00bb3&#8243; column_width_use_pixel=\u00bbyes\u00bb shift_y=\u00bb0&#8243; z_index=\u00bb2&#8243; enable_top_divider=\u00bbdefault\u00bb top_divider=\u00bbstep\u00bb shape_top_h_use_pixel=\u00bbtrue\u00bb shape_top_height_percent=\u00bb33&#8243; shape_top_color=\u00bbcolor-xsdn\u00bb shape_top_opacity=\u00bb100&#8243; shape_top_index=\u00bb0&#8243; uncode_shortcode_id=\u00bb199037&#8243; shape_top_color_type=\u00bbuncode-palette\u00bb column_width_pixel=\u00bb1360&#8243;][vc_column column_width_percent=\u00bb100&#8243; align_horizontal=\u00bbalign_center\u00bb gutter_size=\u00bb3&#8243; override_padding=\u00bbyes\u00bb column_padding=\u00bb3&#8243; style=\u00bbdark\u00bb back_color=\u00bbcolor-202114&#8243; overlay_alpha=\u00bb50&#8243; shift_x=\u00bb0&#8243; shift_y=\u00bb-3&#8243; shift_y_fixed=\u00bbyes\u00bb shift_y_down=\u00bb0&#8243; z_index=\u00bb0&#8243; medium_width=\u00bb0&#8243; mobile_width=\u00bb0&#8243; css_animation=\u00bbbottom-t-top\u00bb animation_delay=\u00bb300&#8243; radius=\u00bbstd\u00bb shadow=\u00bblg\u00bb shadow_darker=\u00bbyes\u00bb width=\u00bb1\/1&#8243; uncode_shortcode_id=\u00bb145003&#8243; back_color_type=\u00bbuncode-palette\u00bb][vc_row_inner row_inner_height_percent=\u00bb0&#8243; back_color=\u00bbcolor-202114&#8243; overlay_alpha=\u00bb50&#8243; gutter_size=\u00bb4&#8243; shift_y=\u00bb0&#8243; z_index=\u00bb0&#8243; limit_content=\u00bb\u00bb uncode_shortcode_id=\u00bb198766&#8243; back_color_type=\u00bbuncode-palette\u00bb][vc_column_inner column_width_percent=\u00bb100&#8243; position_vertical=\u00bbmiddle\u00bb gutter_size=\u00bb3&#8243; style=\u00bbdark\u00bb back_color=\u00bbcolor-202114&#8243; overlay_alpha=\u00bb50&#8243; shift_x=\u00bb0&#8243; shift_y=\u00bb0&#8243; shift_y_down=\u00bb0&#8243; z_index=\u00bb0&#8243; align_medium=\u00bbalign_center_tablet\u00bb medium_width=\u00bb0&#8243; align_mobile=\u00bbalign_center_mobile\u00bb mobile_width=\u00bb0&#8243; width=\u00bb9\/12&#8243; uncode_shortcode_id=\u00bb170116&#8243; back_color_type=\u00bbuncode-palette\u00bb][vc_custom_heading heading_semantic=\u00bbh5&#8243; text_size=\u00bbh3&#8243; text_weight=\u00bb400&#8243; uncode_shortcode_id=\u00bb198592&#8243;]Con m\u00e1s de 20 a\u00f1os de experiencia en el rubro de publicidad en v\u00eda p\u00fablica, V\u00eda Cartel le ofrece carteler\u00eda, elementos est\u00e1ticos y afiches en transporte capitalino que mejoran la visibilidad de su marca.[\/vc_custom_heading][\/vc_column_inner][vc_column_inner column_width_percent=\u00bb100&#8243; position_vertical=\u00bbmiddle\u00bb align_horizontal=\u00bbalign_center\u00bb gutter_size=\u00bb0&#8243; style=\u00bbdark\u00bb font_family=\u00bbfont-846016&#8243; overlay_alpha=\u00bb50&#8243; shift_x=\u00bb0&#8243; shift_y=\u00bb0&#8243; shift_y_down=\u00bb0&#8243; z_index=\u00bb0&#8243; medium_width=\u00bb0&#8243; mobile_width=\u00bb0&#8243; width=\u00bb3\/12&#8243; uncode_shortcode_id=\u00bb840386&#8243;][vc_single_image media=\u00bb141100&#8243; media_width_use_pixel=\u00bbyes\u00bb alignment=\u00bbcenter\u00bb media_width_pixel=\u00bb120&#8243; uncode_shortcode_id=\u00bb822098&#8243;][\/vc_column_inner][\/vc_row_inner][\/vc_column][\/vc_row][vc_row][vc_column width=\u00bb1\/1&#8243;][vc_empty_space][\/vc_column][\/vc_row][vc_row unlock_row_content=\u00bbyes\u00bb row_height_percent=\u00bb0&#8243; override_padding=\u00bbyes\u00bb h_padding=\u00bb2&#8243; top_padding=\u00bb0&#8243; bottom_padding=\u00bb0&#8243; overlay_alpha=\u00bb50&#8243; gutter_size=\u00bb3&#8243; column_width_use_pixel=\u00bbyes\u00bb shift_y=\u00bb0&#8243; z_index=\u00bb2&#8243; enable_top_divider=\u00bbdefault\u00bb top_divider=\u00bbstep\u00bb shape_top_h_use_pixel=\u00bbtrue\u00bb shape_top_height_percent=\u00bb33&#8243; shape_top_color=\u00bbcolor-xsdn\u00bb shape_top_opacity=\u00bb100&#8243; shape_top_index=\u00bb0&#8243; uncode_shortcode_id=\u00bb862186&#8243; shape_top_color_type=\u00bbuncode-palette\u00bb column_width_pixel=\u00bb1360&#8243; row_name=\u00bbproductos\u00bb el_id=\u00bbproductos\u00bb][vc_column column_width_percent=\u00bb100&#8243; align_horizontal=\u00bbalign_center\u00bb gutter_size=\u00bb3&#8243; override_padding=\u00bbyes\u00bb column_padding=\u00bb0&#8243; style=\u00bbdark\u00bb back_color=\u00bbcolor-202114&#8243; overlay_alpha=\u00bb50&#8243; shift_x=\u00bb0&#8243; shift_y=\u00bb0&#8243; shift_y_fixed=\u00bbyes\u00bb shift_y_down=\u00bb0&#8243; z_index=\u00bb0&#8243; medium_width=\u00bb0&#8243; mobile_width=\u00bb0&#8243; css_animation=\u00bbbottom-t-top\u00bb animation_delay=\u00bb200&#8243; radius=\u00bbstd\u00bb shadow=\u00bblg\u00bb shadow_darker=\u00bbyes\u00bb width=\u00bb1\/1&#8243; uncode_shortcode_id=\u00bb923481&#8243; back_color_type=\u00bbuncode-palette\u00bb][vc_row_inner row_inner_height_percent=\u00bb0&#8243; back_color=\u00bbcolor-202114&#8243; overlay_alpha=\u00bb50&#8243; gutter_size=\u00bb4&#8243; shift_y=\u00bb0&#8243; z_index=\u00bb0&#8243; limit_content=\u00bb\u00bb uncode_shortcode_id=\u00bb213404&#8243; back_color_type=\u00bbuncode-palette\u00bb el_class=\u00bbsecciones-panel\u00bb el_id=\u00bbomnibus\u00bb][vc_column_inner column_width_percent=\u00bb100&#8243; position_vertical=\u00bbmiddle\u00bb gutter_size=\u00bb3&#8243; override_padding=\u00bbyes\u00bb column_padding=\u00bb0&#8243; style=\u00bbdark\u00bb back_color=\u00bbcolor-202114&#8243; overlay_alpha=\u00bb50&#8243; shift_x=\u00bb0&#8243; shift_y=\u00bb0&#8243; shift_y_down=\u00bb0&#8243; z_index=\u00bb0&#8243; align_medium=\u00bbalign_center_tablet\u00bb medium_width=\u00bb0&#8243; align_mobile=\u00bbalign_center_mobile\u00bb mobile_width=\u00bb0&#8243; radius=\u00bbstd\u00bb width=\u00bb1\/1&#8243; uncode_shortcode_id=\u00bb252896&#8243; back_color_type=\u00bbuncode-palette\u00bb][vc_single_image media=\u00bb141168&#8243; media_width_percent=\u00bb100&#8243; uncode_shortcode_id=\u00bb131302&#8243; el_class=\u00bbimages-full\u00bb][vc_custom_heading sub_lead=\u00bbyes\u00bb sub_reduced=\u00bbyes\u00bb uncode_shortcode_id=\u00bb827097&#8243; el_class=\u00bbsecciones-header seccion-texto\u00bb subheading=\u00bbBuses publicitarios\u00bb]El lugar ideal para su marca[\/vc_custom_heading][vc_column_text uncode_shortcode_id=\u00bb720543&#8243; el_class=\u00bbseccion-texto\u00bb]Dentro o fuera de los \u00f3mnibuses tu marca puede hacer presencia y marcar la diferencia.<br \/>\nPod\u00e9s tener una importante presencia de tu campa\u00f1a con una cobertura y frecuencia impresionante a bajo costo.<br \/>\nLa ventaja de este producto es que lleg\u00e1s de igual manera a automovilistas, peatones y pasajeros.[\/vc_column_text][\/vc_column_inner][\/vc_row_inner][\/vc_column][\/vc_row][vc_row][vc_column width=\u00bb1\/1&#8243;][vc_empty_space][\/vc_column][\/vc_row][vc_row unlock_row_content=\u00bbyes\u00bb row_height_percent=\u00bb0&#8243; override_padding=\u00bbyes\u00bb h_padding=\u00bb2&#8243; top_padding=\u00bb0&#8243; bottom_padding=\u00bb0&#8243; overlay_alpha=\u00bb50&#8243; gutter_size=\u00bb3&#8243; column_width_use_pixel=\u00bbyes\u00bb shift_y=\u00bb0&#8243; z_index=\u00bb2&#8243; enable_top_divider=\u00bbdefault\u00bb top_divider=\u00bbstep\u00bb shape_top_h_use_pixel=\u00bbtrue\u00bb shape_top_height_percent=\u00bb33&#8243; shape_top_color=\u00bbcolor-xsdn\u00bb shape_top_opacity=\u00bb100&#8243; shape_top_index=\u00bb0&#8243; uncode_shortcode_id=\u00bb199037&#8243; shape_top_color_type=\u00bbuncode-palette\u00bb column_width_pixel=\u00bb1360&#8243;][vc_column column_width_percent=\u00bb100&#8243; align_horizontal=\u00bbalign_center\u00bb gutter_size=\u00bb3&#8243; override_padding=\u00bbyes\u00bb column_padding=\u00bb0&#8243; style=\u00bbdark\u00bb back_color=\u00bbcolor-202114&#8243; overlay_alpha=\u00bb50&#8243; shift_x=\u00bb0&#8243; shift_y=\u00bb0&#8243; shift_y_fixed=\u00bbyes\u00bb shift_y_down=\u00bb2&#8243; z_index=\u00bb0&#8243; medium_width=\u00bb0&#8243; mobile_width=\u00bb0&#8243; css_animation=\u00bbbottom-t-top\u00bb animation_delay=\u00bb200&#8243; radius=\u00bbstd\u00bb shadow=\u00bblg\u00bb shadow_darker=\u00bbyes\u00bb width=\u00bb1\/1&#8243; uncode_shortcode_id=\u00bb158138&#8243; back_color_type=\u00bbuncode-palette\u00bb][vc_row_inner row_inner_height_percent=\u00bb0&#8243; back_color=\u00bbcolor-202114&#8243; overlay_alpha=\u00bb50&#8243; gutter_size=\u00bb4&#8243; shift_y=\u00bb0&#8243; z_index=\u00bb0&#8243; limit_content=\u00bb\u00bb uncode_shortcode_id=\u00bb213404&#8243; back_color_type=\u00bbuncode-palette\u00bb el_class=\u00bbsecciones-panel\u00bb el_id=\u00bbomnibus\u00bb][vc_column_inner column_width_percent=\u00bb100&#8243; position_vertical=\u00bbmiddle\u00bb gutter_size=\u00bb3&#8243; override_padding=\u00bbyes\u00bb column_padding=\u00bb0&#8243; style=\u00bbdark\u00bb back_color=\u00bbcolor-202114&#8243; overlay_alpha=\u00bb50&#8243; shift_x=\u00bb0&#8243; shift_y=\u00bb0&#8243; shift_y_down=\u00bb0&#8243; z_index=\u00bb0&#8243; align_medium=\u00bbalign_center_tablet\u00bb medium_width=\u00bb0&#8243; align_mobile=\u00bbalign_center_mobile\u00bb mobile_width=\u00bb0&#8243; radius=\u00bbstd\u00bb width=\u00bb1\/1&#8243; uncode_shortcode_id=\u00bb114753&#8243; back_color_type=\u00bbuncode-palette\u00bb][vc_single_image media=\u00bb141169&#8243; media_width_percent=\u00bb100&#8243; uncode_shortcode_id=\u00bb587165&#8243; el_class=\u00bbimages-full\u00bb][vc_custom_heading sub_lead=\u00bbyes\u00bb sub_reduced=\u00bbyes\u00bb uncode_shortcode_id=\u00bb840385&#8243; el_class=\u00bbsecciones-header seccion-texto\u00bb subheading=\u00bbNomenclatores publicitarios\u00bb]Ubicados en espacios de gran afluencia peatonal y vehicular[\/vc_custom_heading][vc_column_text uncode_shortcode_id=\u00bb631950&#8243; el_class=\u00bbseccion-texto\u00bb]Nuestros nomenclatores cuentan con una est\u00e9tica pr\u00e1ctica y adecuada para las necesidades modernas de las ciudades, con un dise\u00f1o distintivo y\u00a0 sobre todo una est\u00e9tica bien cuidada, proporcionan una se\u00f1al\u00e9tica interesante que de manera informativa se integran arm\u00f3nicamente con los espacios.[\/vc_column_text][\/vc_column_inner][\/vc_row_inner][\/vc_column][\/vc_row][vc_row row_height_percent=\u00bb0&#8243; override_padding=\u00bbyes\u00bb h_padding=\u00bb2&#8243; top_padding=\u00bb6&#8243; bottom_padding=\u00bb6&#8243; back_color=\u00bbcolor-lxmt\u00bb overlay_alpha=\u00bb100&#8243; gutter_size=\u00bb3&#8243; column_width_percent=\u00bb100&#8243; border_color=\u00bbcolor-gyho\u00bb border_style=\u00bbsolid\u00bb shift_y=\u00bb0&#8243; z_index=\u00bb0&#8243; uncode_shortcode_id=\u00bb106782&#8243; back_color_type=\u00bbuncode-palette\u00bb border_color_type=\u00bbuncode-palette\u00bb row_name=\u00bbsoportes\u00bb el_id=\u00bbsoportes\u00bb][vc_column column_width_percent=\u00bb100&#8243; align_horizontal=\u00bbalign_center\u00bb gutter_size=\u00bb3&#8243; overlay_alpha=\u00bb100&#8243; shift_x=\u00bb0&#8243; shift_y=\u00bb0&#8243; shift_y_down=\u00bb0&#8243; z_index=\u00bb0&#8243; medium_width=\u00bb0&#8243; mobile_width=\u00bb0&#8243; css_animation=\u00bbbottom-t-top\u00bb animation_speed=\u00bb800&#8243; animation_delay=\u00bb200&#8243; zoom_width=\u00bb0&#8243; zoom_height=\u00bb0&#8243; width=\u00bb1\/1&#8243; uncode_shortcode_id=\u00bb163889&#8243;][vc_gallery el_id=\u00bbgallery-85457&#8243; isotope_mode=\u00bbfitRows\u00bb medias=\u00bb50,48,49,46,45,44,43,26,141164&#8243; gutter_size=\u00bb1&#8243; screen_lg=\u00bb1000&#8243; screen_md=\u00bb600&#8243; screen_sm=\u00bb480&#8243; single_overlay_opacity=\u00bb50&#8243; single_overlay_anim=\u00bbno\u00bb single_text_anim=\u00bbno\u00bb single_image_anim=\u00bbno\u00bb single_padding=\u00bb2&#8243; single_border=\u00bbyes\u00bb title=\u00bbWorks\u00bb uncode_shortcode_id=\u00bb904123&#8243;][\/vc_column][\/vc_row][vc_row row_height_percent=\u00bb0&#8243; override_padding=\u00bbyes\u00bb h_padding=\u00bb2&#8243; top_padding=\u00bb6&#8243; bottom_padding=\u00bb6&#8243; overlay_alpha=\u00bb0&#8243; gutter_size=\u00bb100&#8243; column_width_percent=\u00bb100&#8243; shift_y=\u00bb0&#8243; z_index=\u00bb0&#8243; style=\u00bbinherited\u00bb uncode_shortcode_id=\u00bb154230&#8243; row_name=\u00bbclientes\u00bb el_id=\u00bbclientes\u00bb][vc_column column_width_percent=\u00bb100&#8243; align_horizontal=\u00bbalign_center\u00bb gutter_size=\u00bb3&#8243; overlay_alpha=\u00bb100&#8243; shift_x=\u00bb0&#8243; shift_y=\u00bb0&#8243; shift_y_down=\u00bb0&#8243; z_index=\u00bb0&#8243; medium_width=\u00bb0&#8243; mobile_width=\u00bb0&#8243; css_animation=\u00bbbottom-t-top\u00bb animation_speed=\u00bb800&#8243; animation_delay=\u00bb200&#8243; zoom_width=\u00bb0&#8243; zoom_height=\u00bb0&#8243; width=\u00bb1\/1&#8243; uncode_shortcode_id=\u00bb511097&#8243;][vc_gallery el_id=\u00bbgallery-844853&#8243; type=\u00bbcss_grid\u00bb medias=\u00bb28,41,33,39,38,37,36,35,40,32,31,34,30,29&#8243; grid_items=\u00bb6&#8243; screen_lg_items=\u00bb3&#8243; screen_lg_breakpoint=\u00bb1000&#8243; screen_md_items=\u00bb2&#8243; screen_md_breakpoint=\u00bb600&#8243; screen_sm_items=\u00bb1&#8243; screen_sm_breakpoint=\u00bb480&#8243; gutter_size=\u00bb1&#8243; media_items=\u00bbmedia|nolink|original,icon\u00bb single_overlay_opacity=\u00bb50&#8243; single_padding=\u00bb2&#8243; uncode_shortcode_id=\u00bb183643&#8243; title=\u00bbClientes\u00bb][\/vc_column][\/vc_row][vc_row row_height_percent=\u00bb0&#8243; override_padding=\u00bbyes\u00bb h_padding=\u00bb2&#8243; top_padding=\u00bb5&#8243; bottom_padding=\u00bb7&#8243; back_color=\u00bbcolor-prif\u00bb overlay_alpha=\u00bb50&#8243; gutter_size=\u00bb4&#8243; column_width_percent=\u00bb100&#8243; border_color=\u00bbcolor-gyho\u00bb border_style=\u00bbsolid\u00bb shift_y=\u00bb0&#8243; z_index=\u00bb0&#8243; uncode_shortcode_id=\u00bb156153&#8243; back_color_type=\u00bbuncode-palette\u00bb border_color_type=\u00bbuncode-palette\u00bb css=\u00bb.vc_custom_1719340845940{border-top-width: 1px !important;}\u00bb row_name=\u00bbcontacto\u00bb el_id=\u00bbcontacto\u00bb][vc_column column_width_percent=\u00bb100&#8243; gutter_size=\u00bb2&#8243; style=\u00bbdark\u00bb font_family=\u00bbfont-846016&#8243; overlay_alpha=\u00bb50&#8243; shift_x=\u00bb0&#8243; shift_y=\u00bb0&#8243; shift_y_down=\u00bb0&#8243; z_index=\u00bb0&#8243; align_medium=\u00bbalign_center_tablet\u00bb medium_width=\u00bb0&#8243; align_mobile=\u00bbalign_center_mobile\u00bb mobile_width=\u00bb0&#8243; width=\u00bb1\/3&#8243; uncode_shortcode_id=\u00bb166826&#8243;][vc_custom_heading uncode_shortcode_id=\u00bb443285&#8243;]Contacto[\/vc_custom_heading][vc_icon position=\u00bbleft\u00bb icon=\u00bbfa fa-location-outline\u00bb uncode_shortcode_id=\u00bb510829&#8243;]El Dorado<br \/>\nAv. de las Am\u00e9ricas<br \/>\nEdificio BLUE SKY<br \/>\nTorre 1 Of.703<br \/>\nCanelones, Uruguay[\/vc_icon][vc_icon position=\u00bbleft\u00bb icon=\u00bbfa fa-smartphone\u00bb uncode_shortcode_id=\u00bb130434&#8243;](+598) 2600 1989[\/vc_icon][vc_icon position=\u00bbleft\u00bb icon=\u00bbfa fa-envelope3&#8243; uncode_shortcode_id=\u00bb566992&#8243;]info@viacartel.com.uy<\/p>\n<p>[\/vc_icon][\/vc_column][vc_column column_width_percent=\u00bb100&#8243; gutter_size=\u00bb3&#8243; style=\u00bbdark\u00bb overlay_alpha=\u00bb50&#8243; shift_x=\u00bb0&#8243; shift_y=\u00bb0&#8243; shift_y_down=\u00bb0&#8243; z_index=\u00bb0&#8243; medium_width=\u00bb0&#8243; mobile_width=\u00bb0&#8243; width=\u00bb1\/3&#8243; uncode_shortcode_id=\u00bb204482&#8243;]\n<div class=\"wpcf7 no-js\" id=\"wpcf7-f89562-o1\" lang=\"en-US\" dir=\"ltr\">\n<div class=\"screen-reader-response\"><p role=\"status\" aria-live=\"polite\" aria-atomic=\"true\"><\/p> <ul><\/ul><\/div>\n<form action=\"\/index.php?rest_route=%2Fwp%2Fv2%2Fpages%2F37056#wpcf7-f89562-o1\" method=\"post\" class=\"wpcf7-form init\" aria-label=\"Contact form\" novalidate=\"novalidate\" data-status=\"init\">\n<div style=\"display: none;\">\n<input type=\"hidden\" name=\"_wpcf7\" value=\"89562\" \/>\n<input type=\"hidden\" name=\"_wpcf7_version\" value=\"5.9.7\" \/>\n<input type=\"hidden\" name=\"_wpcf7_locale\" value=\"en_US\" \/>\n<input type=\"hidden\" name=\"_wpcf7_unit_tag\" value=\"wpcf7-f89562-o1\" \/>\n<input type=\"hidden\" name=\"_wpcf7_container_post\" value=\"0\" \/>\n<input type=\"hidden\" name=\"_wpcf7_posted_data_hash\" value=\"\" \/>\n<\/div>\n<p><label for=\"first-name\">Nombre*<\/label><br \/>\n<span class=\"wpcf7-form-control-wrap\" data-name=\"first-name\"><input size=\"40\" maxlength=\"400\" class=\"wpcf7-form-control wpcf7-text\" id=\"first-name\" aria-invalid=\"false\" placeholder=\"Nombre\" value=\"\" type=\"text\" name=\"first-name\" \/><\/span>\n<\/p>\n<p><label for=\"last-name\">Apellido*<\/label><br \/>\n<span class=\"wpcf7-form-control-wrap\" data-name=\"last-name\"><input size=\"40\" maxlength=\"400\" class=\"wpcf7-form-control wpcf7-text\" id=\"last-name\" aria-invalid=\"false\" placeholder=\"Apellido\" value=\"\" type=\"text\" name=\"last-name\" \/><\/span>\n<\/p>\n<p><label for=\"your-email\">Email*<\/label><br \/>\n<span class=\"wpcf7-form-control-wrap\" data-name=\"your-email\"><input size=\"40\" maxlength=\"400\" class=\"wpcf7-form-control wpcf7-email wpcf7-validates-as-required wpcf7-text wpcf7-validates-as-email\" id=\"your-email\" aria-required=\"true\" aria-invalid=\"false\" placeholder=\"Email\" value=\"\" type=\"email\" name=\"your-email\" \/><\/span>\n<\/p>\n<p><label for=\"your-subject\">Asunto<\/label><br \/>\n<span class=\"wpcf7-form-control-wrap\" data-name=\"your-subject\"><input size=\"40\" maxlength=\"400\" class=\"wpcf7-form-control wpcf7-text\" id=\"your-subject\" aria-invalid=\"false\" placeholder=\"Asunto\" value=\"\" type=\"text\" name=\"your-subject\" \/><\/span>\n<\/p>\n<p><label for=\"your-message\">Mensaje<\/label><br \/>\n<span class=\"wpcf7-form-control-wrap\" data-name=\"your-message\"><textarea cols=\"40\" rows=\"10\" maxlength=\"2000\" class=\"wpcf7-form-control wpcf7-textarea\" id=\"your-message\" aria-invalid=\"false\" placeholder=\"Mensaje\" name=\"your-message\"><\/textarea><\/span>\n<\/p>\n<p><input class=\"wpcf7-form-control wpcf7-submit has-spinner btn btn-accent btn-lg btn-inherit font-weight-500\" type=\"submit\" value=\"Enviar\" \/>\n<\/p><div class=\"wpcf7-response-output\" aria-hidden=\"true\"><\/div>\n<\/form>\n<\/div>\n[\/vc_column][vc_column width=\u00bb1\/3&#8243;][\/vc_column][\/vc_row]<\/p>\n<\/div>","protected":false},"excerpt":{"rendered":"<p>[vc_row row_height_percent=\u00bb100&#8243; back_color=\u00bbcolor-nhtu\u00bb overlay_alpha=\u00bb0&#8243; gutter_size=\u00bb3&#8243; column_width_percent=\u00bb100&#8243; shift_y=\u00bb0&#8243; z_index=\u00bb0&#8243; front_end_with_slider=\u00bbtrue\u00bb uncode_shortcode_id=\u00bb682199&#8243; back_color_type=\u00bbuncode-palette\u00bb row_name=\u00bbinicio\u00bb el_id=\u00bbinicio\u00bb][vc_column width=\u00bb1\/1&#8243;][uncode_slider slider_type=\u00bbfade\u00bb slider_interval=\u00bb5000&#8243; slider_navspeed=\u00bb700&#8243; slider_loop=\u00bbyes\u00bb advanced_nav=\u00bbyes\u00bb el_id1=\u00bb#slider-171978&#8243; [&hellip;]<\/p>\n","protected":false},"author":1,"featured_media":0,"parent":0,"menu_order":0,"comment_status":"closed","ping_status":"closed","template":"","meta":{"footnotes":""},"class_list":["post-37056","page","type-page","status-publish","hentry","page_category-agency","page_category-classic"],"_links":{"self":[{"href":"https:\/\/viacartel.com.uy\/index.php?rest_route=\/wp\/v2\/pages\/37056","targetHints":{"allow":["GET"]}}],"collection":[{"href":"https:\/\/viacartel.com.uy\/index.php?rest_route=\/wp\/v2\/pages"}],"about":[{"href":"https:\/\/viacartel.com.uy\/index.php?rest_route=\/wp\/v2\/types\/page"}],"author":[{"embeddable":true,"href":"https:\/\/viacartel.com.uy\/index.php?rest_route=\/wp\/v2\/users\/1"}],"replies":[{"embeddable":true,"href":"https:\/\/viacartel.com.uy\/index.php?rest_route=%2Fwp%2Fv2%2Fcomments&post=37056"}],"version-history":[{"count":117,"href":"https:\/\/viacartel.com.uy\/index.php?rest_route=\/wp\/v2\/pages\/37056\/revisions"}],"predecessor-version":[{"id":141214,"href":"https:\/\/viacartel.com.uy\/index.php?rest_route=\/wp\/v2\/pages\/37056\/revisions\/141214"}],"wp:attachment":[{"href":"https:\/\/viacartel.com.uy\/index.php?rest_route=%2Fwp%2Fv2%2Fmedia&parent=37056"}],"curies":[{"name":"wp","href":"https:\/\/api.w.org\/{rel}","templated":true}]}}